{"id":4268,"date":"2025-03-05T16:38:30","date_gmt":"2025-03-05T21:38:30","guid":{"rendered":"https:\/\/sansebastianips.com.co\/?page_id=4268"},"modified":"2025-03-05T16:40:18","modified_gmt":"2025-03-05T21:40:18","slug":"modelo-de-atencion","status":"publish","type":"page","link":"https:\/\/sansebastianips.com.co\/?page_id=4268","title":{"rendered":"MODELO DE ATENCI\u00d3N"},"content":{"rendered":"\n<p>El <strong>INSTITUTO DE SISTEMA NERVIOSO DE C\u00d3RDOBA S.A.S<\/strong>., define su Modelo de Atenci\u00f3n, como un modelo integral, enfocado en la atenci\u00f3n segura, y centrado en el Usuario, su Familia y dem\u00e1s Partes Interesadas.&nbsp; orienta su promesa de servicio hacia una Atenci\u00f3n <strong>Humana, Digna y Cercana<\/strong>, con el fin de que \u00e9stos se sientan c\u00f3modos, respetados y valorados, durante su estancia en la Instituci\u00f3n.<\/p>\n\n\n\n<p><strong>OBJETIVO<\/strong><\/p>\n\n\n\n<p>Mejorar los resultados del proceso de atenci\u00f3n en salud y la calidad de vida de la poblaci\u00f3n usuaria de los servicios, a trav\u00e9s de una <strong>atenci\u00f3n humanizada e integral al usuario y su familia<\/strong>, con enfoque hacia la <strong>seguridad del paciente<\/strong>; mediante el mejoramiento continuo de la atenci\u00f3n en salud, una \u00f3ptima relaci\u00f3n Equipo de Salud-Paciente-Familia, y la participaci\u00f3n conjunta de todos los actores que intervienen en la toma de decisiones, de una manera concertada, para la atenci\u00f3n de cada paciente, que contribuya con su satisfacci\u00f3n y la de su familia.<\/p>\n\n\n<div class=\"wp-block-image\">\n<figure class=\"aligncenter size-full\"><img fetchpriority=\"high\" decoding=\"async\" width=\"547\" height=\"422\" src=\"https:\/\/sansebastianips.com.co\/wp-content\/uploads\/2025\/03\/modelo_atencion-1.png\" alt=\"\" class=\"wp-image-4270\" srcset=\"https:\/\/sansebastianips.com.co\/wp-content\/uploads\/2025\/03\/modelo_atencion-1.png 547w, https:\/\/sansebastianips.com.co\/wp-content\/uploads\/2025\/03\/modelo_atencion-1-300x231.png 300w\" sizes=\"(max-width: 547px) 100vw, 547px\" \/><\/figure>\n<\/div>","protected":false},"excerpt":{"rendered":"<p>El INSTITUTO DE SISTEMA NERVIOSO DE C\u00d3RDOBA S.A.S., define su Modelo de Atenci\u00f3n, como un modelo integral, enfocado en la atenci\u00f3n segura, y centrado en el Usuario, su Familia y dem\u00e1s Partes Interesadas.&nbsp; orienta su promesa de servicio hacia una Atenci\u00f3n Humana, Digna y Cercana, con el fin de que \u00e9stos se sientan c\u00f3modos, respetados&hellip;<\/p>\n","protected":false},"author":1,"featured_media":0,"parent":0,"menu_order":0,"comment_status":"closed","ping_status":"closed","template":"","meta":{"footnotes":""},"class_list":["post-4268","page","type-page","status-publish","hentry"],"featured_image_src":null,"brizy_media":[],"_links":{"self":[{"href":"https:\/\/sansebastianips.com.co\/index.php?rest_route=\/wp\/v2\/pages\/4268","targetHints":{"allow":["GET"]}}],"collection":[{"href":"https:\/\/sansebastianips.com.co\/index.php?rest_route=\/wp\/v2\/pages"}],"about":[{"href":"https:\/\/sansebastianips.com.co\/index.php?rest_route=\/wp\/v2\/types\/page"}],"author":[{"embeddable":true,"href":"https:\/\/sansebastianips.com.co\/index.php?rest_route=\/wp\/v2\/users\/1"}],"replies":[{"embeddable":true,"href":"https:\/\/sansebastianips.com.co\/index.php?rest_route=%2Fwp%2Fv2%2Fcomments&post=4268"}],"version-history":[{"count":2,"href":"https:\/\/sansebastianips.com.co\/index.php?rest_route=\/wp\/v2\/pages\/4268\/revisions"}],"predecessor-version":[{"id":4272,"href":"https:\/\/sansebastianips.com.co\/index.php?rest_route=\/wp\/v2\/pages\/4268\/revisions\/4272"}],"wp:attachment":[{"href":"https:\/\/sansebastianips.com.co\/index.php?rest_route=%2Fwp%2Fv2%2Fmedia&parent=4268"}],"curies":[{"name":"wp","href":"https:\/\/api.w.org\/{rel}","templated":true}]}}