{"id":4079,"date":"2017-08-12T10:10:59","date_gmt":"2017-08-12T10:10:59","guid":{"rendered":"http:\/\/demo.acmethemes.com\/medical-circle\/?page_id=5"},"modified":"2025-10-20T16:57:24","modified_gmt":"2025-10-20T21:57:24","slug":"front-page","status":"publish","type":"page","link":"https:\/\/sansebastianips.com.co\/","title":{"rendered":"Front Page"},"content":{"rendered":"<div>Tienes que a\u00f1adir un widget, una fila o un dise\u00f1o preconstruido antes de que puedas ver algo aqu\u00ed. \ud83d\ude42<\/div>","protected":false},"excerpt":{"rendered":"","protected":false},"author":1,"featured_media":0,"parent":0,"menu_order":0,"comment_status":"closed","ping_status":"closed","template":"","meta":{"footnotes":""},"class_list":["post-4079","page","type-page","status-publish","hentry"],"featured_image_src":null,"brizy_media":[],"_links":{"self":[{"href":"https:\/\/sansebastianips.com.co\/index.php?rest_route=\/wp\/v2\/pages\/4079","targetHints":{"allow":["GET"]}}],"collection":[{"href":"https:\/\/sansebastianips.com.co\/index.php?rest_route=\/wp\/v2\/pages"}],"about":[{"href":"https:\/\/sansebastianips.com.co\/index.php?rest_route=\/wp\/v2\/types\/page"}],"author":[{"embeddable":true,"href":"https:\/\/sansebastianips.com.co\/index.php?rest_route=\/wp\/v2\/users\/1"}],"replies":[{"embeddable":true,"href":"https:\/\/sansebastianips.com.co\/index.php?rest_route=%2Fwp%2Fv2%2Fcomments&post=4079"}],"version-history":[{"count":3,"href":"https:\/\/sansebastianips.com.co\/index.php?rest_route=\/wp\/v2\/pages\/4079\/revisions"}],"predecessor-version":[{"id":4610,"href":"https:\/\/sansebastianips.com.co\/index.php?rest_route=\/wp\/v2\/pages\/4079\/revisions\/4610"}],"wp:attachment":[{"href":"https:\/\/sansebastianips.com.co\/index.php?rest_route=%2Fwp%2Fv2%2Fmedia&parent=4079"}],"curies":[{"name":"wp","href":"https:\/\/api.w.org\/{rel}","templated":true}]}}