{"id":4066,"date":"2017-08-12T17:32:47","date_gmt":"2017-08-12T17:32:47","guid":{"rendered":"http:\/\/demo.acmethemes.com\/medical-circle\/?page_id=47"},"modified":"2025-03-14T14:27:53","modified_gmt":"2025-03-14T19:27:53","slug":"providing-total-care-of-you","status":"publish","type":"page","link":"https:\/\/sansebastianips.com.co\/?page_id=4066","title":{"rendered":"Brindandole un cuidado total"},"content":{"rendered":"<p data-start=\"156\" data-end=\"398\">En Cl\u00ednica San Sebasti\u00e1n IPS, nos comprometemos a ofrecerle un servicio de salud integral, personalizado y de alta calidad. Nuestro equipo de profesionales altamente capacitados est\u00e1 dedicado a garantizar su bienestar en cada etapa de su vida.<\/p>\n<h3 data-start=\"400\" data-end=\"425\"><strong data-start=\"404\" data-end=\"423\">Nuestro Enfoque<\/strong><\/h3>\n<p data-start=\"426\" data-end=\"1090\">\u2705 <strong data-start=\"428\" data-end=\"450\">Atenci\u00f3n Integral:<\/strong> Desde chequeos preventivos hasta tratamientos especializados, le brindamos una cobertura completa para su salud.<br data-start=\"563\" data-end=\"566\" \/>\u2705 <strong data-start=\"568\" data-end=\"592\">Tecnolog\u00eda Avanzada:<\/strong> Contamos con equipos de \u00faltima generaci\u00f3n para diagn\u00f3sticos precisos y tratamientos efectivos.<br data-start=\"687\" data-end=\"690\" \/>\u2705 <strong data-start=\"692\" data-end=\"718\">Cuidado Personalizado:<\/strong> Nos preocupamos por cada paciente de manera \u00fanica, adaptando nuestros servicios a sus necesidades espec\u00edficas.<br data-start=\"829\" data-end=\"832\" \/>\u2705 <strong data-start=\"834\" data-end=\"866\">Profesionales Comprometidos:<\/strong> Nuestro equipo m\u00e9dico y de enfermer\u00eda trabaja con pasi\u00f3n y compromiso para su bienestar.<br data-start=\"955\" data-end=\"958\" data-is-only-node=\"\" \/>\u2705 <strong data-start=\"960\" data-end=\"989\">Ambiente Seguro y C\u00f3modo:<\/strong> Creamos un entorno c\u00e1lido y confiable para que usted y su familia se sientan en las mejores manos.<\/p>\n<p data-start=\"1092\" data-end=\"1235\">En [Nombre de la Cl\u00ednica], su salud es nuestra prioridad. Conf\u00ede en nosotros para brindarle un cuidado total con la excelencia que se merece.<\/p>\n<p data-start=\"1237\" data-end=\"1320\">\ud83d\udcc5 <strong data-start=\"1240\" data-end=\"1268\">Agenda tu cita hoy mismo<\/strong> y da el primer paso hacia una vida m\u00e1s saludable.<\/p>\n\n\n<p><\/p>\n","protected":false},"excerpt":{"rendered":"<p>En Cl\u00ednica San Sebasti\u00e1n IPS, nos comprometemos a ofrecerle un servicio de salud integral, personalizado y de alta calidad.<\/p>\n","protected":false},"author":1,"featured_media":4132,"parent":0,"menu_order":0,"comment_status":"closed","ping_status":"closed","template":"","meta":{"footnotes":""},"class_list":["post-4066","page","type-page","status-publish","has-post-thumbnail","hentry"],"featured_image_src":"https:\/\/sansebastianips.com.co\/wp-content\/uploads\/2025\/02\/FOTO-_4-scaled.jpg","brizy_media":[],"_links":{"self":[{"href":"https:\/\/sansebastianips.com.co\/index.php?rest_route=\/wp\/v2\/pages\/4066","targetHints":{"allow":["GET"]}}],"collection":[{"href":"https:\/\/sansebastianips.com.co\/index.php?rest_route=\/wp\/v2\/pages"}],"about":[{"href":"https:\/\/sansebastianips.com.co\/index.php?rest_route=\/wp\/v2\/types\/page"}],"author":[{"embeddable":true,"href":"https:\/\/sansebastianips.com.co\/index.php?rest_route=\/wp\/v2\/users\/1"}],"replies":[{"embeddable":true,"href":"https:\/\/sansebastianips.com.co\/index.php?rest_route=%2Fwp%2Fv2%2Fcomments&post=4066"}],"version-history":[{"count":3,"href":"https:\/\/sansebastianips.com.co\/index.php?rest_route=\/wp\/v2\/pages\/4066\/revisions"}],"predecessor-version":[{"id":4329,"href":"https:\/\/sansebastianips.com.co\/index.php?rest_route=\/wp\/v2\/pages\/4066\/revisions\/4329"}],"wp:featuredmedia":[{"embeddable":true,"href":"https:\/\/sansebastianips.com.co\/index.php?rest_route=\/wp\/v2\/media\/4132"}],"wp:attachment":[{"href":"https:\/\/sansebastianips.com.co\/index.php?rest_route=%2Fwp%2Fv2%2Fmedia&parent=4066"}],"curies":[{"name":"wp","href":"https:\/\/api.w.org\/{rel}","templated":true}]}}