{"id":4058,"date":"2017-08-12T18:42:00","date_gmt":"2017-08-12T18:42:00","guid":{"rendered":"http:\/\/demo.acmethemes.com\/medical-circle\/?page_id=65"},"modified":"2025-02-07T17:31:50","modified_gmt":"2025-02-07T22:31:50","slug":"latest-technology","status":"publish","type":"page","link":"https:\/\/sansebastianips.com.co\/?page_id=4058","title":{"rendered":"Equipos de ultima tecnolog\u00eda"},"content":{"rendered":"<p><strong>Equipos de \u00faltima tecnolog\u00eda para una atenci\u00f3n m\u00e9dica de calidad<\/strong><\/p>\n<p>En la cl\u00ednica San Sebasti\u00e1n IPS, nos comprometemos a brindarte la mejor atenci\u00f3n posible, por eso, contamos con equipos de \u00faltima tecnolog\u00eda que permiten ofrecer diagn\u00f3sticos precisos y tratamientos efectivos. Gracias a la integraci\u00f3n de dispositivos avanzados, podemos realizar estudios m\u00e9dicos de manera m\u00e1s r\u00e1pida, segura y confiable, garantizando un nivel de cuidado que cumple con los m\u00e1s altos est\u00e1ndares de la medicina moderna.<\/p>\n<p><strong>Innovaci\u00f3n tecnol\u00f3gica al servicio de tu salud<\/strong><\/p>\n<p>Para ofrecerte una atenci\u00f3n integral y de calidad, hemos incorporado tecnolog\u00eda de vanguardia en todas nuestras \u00e1reas de especializaci\u00f3n. Desde equipos de diagn\u00f3stico por imagen, como resonancias magn\u00e9ticas y tomograf\u00edas computarizadas, hasta sistemas avanzados para an\u00e1lisis de laboratorio, cada uno de nuestros equipos est\u00e1 dise\u00f1ado para proporcionar resultados r\u00e1pidos y precisos. Esto nos permite realizar diagn\u00f3sticos m\u00e1s tempranos y personalizados, adaptados a las necesidades espec\u00edficas de cada paciente.<\/p>\n\n\n<p><\/p>\n","protected":false},"excerpt":{"rendered":"<p>Equipos de \u00faltima tecnolog\u00eda para una atenci\u00f3n m\u00e9dica de calidad En la cl\u00ednica San Sebasti\u00e1n IPS, nos comprometemos a brindarte la mejor atenci\u00f3n posible, por eso, contamos con equipos de \u00faltima tecnolog\u00eda que permiten ofrecer diagn\u00f3sticos precisos y tratamientos efectivos. Gracias a la integraci\u00f3n de dispositivos avanzados, podemos realizar estudios m\u00e9dicos de manera m\u00e1s r\u00e1pida,&hellip;<\/p>\n","protected":false},"author":1,"featured_media":4140,"parent":0,"menu_order":0,"comment_status":"closed","ping_status":"closed","template":"","meta":{"footnotes":""},"class_list":["post-4058","page","type-page","status-publish","has-post-thumbnail","hentry"],"featured_image_src":"https:\/\/sansebastianips.com.co\/wp-content\/uploads\/2025\/02\/FOTO-_14-scaled.jpg","brizy_media":[],"_links":{"self":[{"href":"https:\/\/sansebastianips.com.co\/index.php?rest_route=\/wp\/v2\/pages\/4058","targetHints":{"allow":["GET"]}}],"collection":[{"href":"https:\/\/sansebastianips.com.co\/index.php?rest_route=\/wp\/v2\/pages"}],"about":[{"href":"https:\/\/sansebastianips.com.co\/index.php?rest_route=\/wp\/v2\/types\/page"}],"author":[{"embeddable":true,"href":"https:\/\/sansebastianips.com.co\/index.php?rest_route=\/wp\/v2\/users\/1"}],"replies":[{"embeddable":true,"href":"https:\/\/sansebastianips.com.co\/index.php?rest_route=%2Fwp%2Fv2%2Fcomments&post=4058"}],"version-history":[{"count":3,"href":"https:\/\/sansebastianips.com.co\/index.php?rest_route=\/wp\/v2\/pages\/4058\/revisions"}],"predecessor-version":[{"id":4209,"href":"https:\/\/sansebastianips.com.co\/index.php?rest_route=\/wp\/v2\/pages\/4058\/revisions\/4209"}],"wp:featuredmedia":[{"embeddable":true,"href":"https:\/\/sansebastianips.com.co\/index.php?rest_route=\/wp\/v2\/media\/4140"}],"wp:attachment":[{"href":"https:\/\/sansebastianips.com.co\/index.php?rest_route=%2Fwp%2Fv2%2Fmedia&parent=4058"}],"curies":[{"name":"wp","href":"https:\/\/api.w.org\/{rel}","templated":true}]}}