{"id":4054,"date":"2017-08-12T18:58:11","date_gmt":"2017-08-12T18:58:11","guid":{"rendered":"http:\/\/demo.acmethemes.com\/medical-circle\/?page_id=80"},"modified":"2025-03-14T09:40:09","modified_gmt":"2025-03-14T14:40:09","slug":"247-emergency-service","status":"publish","type":"page","link":"https:\/\/sansebastianips.com.co\/?page_id=4054","title":{"rendered":"Urgencias 24\/7"},"content":{"rendered":"<p data-start=\"172\" data-end=\"430\">En Cl\u00ednica San Sebasti\u00e1n IPS, tu salud es nuestra prioridad. Por eso, contamos con un <strong data-start=\"255\" data-end=\"329\">Servicio de Urgencias disponible las 24 horas, los 7 d\u00edas de la semana<\/strong>, para atender cualquier emergencia m\u00e9dica con rapidez, eficiencia y el m\u00e1s alto nivel de atenci\u00f3n.<\/p>\n<h3 data-start=\"432\" data-end=\"489\"><strong data-start=\"436\" data-end=\"487\">\u00bfCu\u00e1ndo acudir a nuestro servicio de urgencias?<\/strong><\/h3>\n<p data-start=\"490\" data-end=\"1018\">Si presentas alguno de estos s\u00edntomas o situaciones, no dudes en visitarnos:<br data-start=\"566\" data-end=\"569\" \/>\u2705 <strong data-start=\"571\" data-end=\"600\">Dolor intenso o repentino<\/strong> (pecho, cabeza, abdomen, etc.).<br data-start=\"632\" data-end=\"635\" \/>\u2705 <strong data-start=\"637\" data-end=\"682\">Dificultad para respirar o falta de aire.<\/strong><br data-start=\"682\" data-end=\"685\" \/>\u2705 <strong data-start=\"687\" data-end=\"727\">P\u00e9rdida del conocimiento o desmayos.<\/strong><br data-start=\"727\" data-end=\"730\" \/>\u2705 <strong data-start=\"732\" data-end=\"775\">Fiebre alta que no baja con medicaci\u00f3n.<\/strong><br data-start=\"775\" data-end=\"778\" \/>\u2705 <strong data-start=\"780\" data-end=\"830\">Fracturas, golpes fuertes o heridas profundas.<\/strong><br data-start=\"830\" data-end=\"833\" \/>\u2705 <strong data-start=\"835\" data-end=\"868\">Reacciones al\u00e9rgicas severas.<\/strong><br data-start=\"868\" data-end=\"871\" \/>\u2705 <strong data-start=\"873\" data-end=\"910\">Intoxicaciones o envenenamientos.<\/strong><br data-start=\"910\" data-end=\"913\" \/>\u2705 <strong data-start=\"915\" data-end=\"1016\">S\u00edntomas de accidente cerebrovascular (p\u00e9rdida del habla, debilidad en un lado del cuerpo, etc.).<\/strong><\/p>\n<h3 data-start=\"1020\" data-end=\"1061\"><strong data-start=\"1024\" data-end=\"1059\">Atenci\u00f3n r\u00e1pida y especializada<\/strong><\/h3>\n<p data-start=\"1062\" data-end=\"1342\">Nuestro equipo de m\u00e9dicos, enfermeros y especialistas est\u00e1 listo para brindarte un diagn\u00f3stico preciso y el tratamiento adecuado en el menor tiempo posible. Adem\u00e1s, contamos con tecnolog\u00eda avanzada para realizar estudios y procedimientos de emergencia en nuestras instalaciones.<\/p>\n<p data-start=\"1460\" data-end=\"1591\"><strong data-start=\"1460\" data-end=\"1589\">En caso de emergencia, no dudes en acudir a nuestra cl\u00ednica. Estamos aqu\u00ed para cuidar de ti y de tu familia, en todo momento.<\/strong><\/p>\n\n\n<p><\/p>\n","protected":false},"excerpt":{"rendered":"<p>En nuestro servicio de urgencias, nos comprometemos a ofrecer atenci\u00f3n m\u00e9dica de calidad en situaciones de emergencia, con un equipo de profesionales altamente capacitados y equipos de \u00faltima tecnolog\u00eda para brindar una atenci\u00f3n r\u00e1pida y eficaz.<\/p>\n","protected":false},"author":1,"featured_media":4219,"parent":0,"menu_order":0,"comment_status":"closed","ping_status":"closed","template":"","meta":{"footnotes":""},"class_list":["post-4054","page","type-page","status-publish","has-post-thumbnail","hentry"],"featured_image_src":"https:\/\/sansebastianips.com.co\/wp-content\/uploads\/2025\/02\/FOTO-_9-scaled.jpg","brizy_media":[],"_links":{"self":[{"href":"https:\/\/sansebastianips.com.co\/index.php?rest_route=\/wp\/v2\/pages\/4054","targetHints":{"allow":["GET"]}}],"collection":[{"href":"https:\/\/sansebastianips.com.co\/index.php?rest_route=\/wp\/v2\/pages"}],"about":[{"href":"https:\/\/sansebastianips.com.co\/index.php?rest_route=\/wp\/v2\/types\/page"}],"author":[{"embeddable":true,"href":"https:\/\/sansebastianips.com.co\/index.php?rest_route=\/wp\/v2\/users\/1"}],"replies":[{"embeddable":true,"href":"https:\/\/sansebastianips.com.co\/index.php?rest_route=%2Fwp%2Fv2%2Fcomments&post=4054"}],"version-history":[{"count":9,"href":"https:\/\/sansebastianips.com.co\/index.php?rest_route=\/wp\/v2\/pages\/4054\/revisions"}],"predecessor-version":[{"id":4327,"href":"https:\/\/sansebastianips.com.co\/index.php?rest_route=\/wp\/v2\/pages\/4054\/revisions\/4327"}],"wp:featuredmedia":[{"embeddable":true,"href":"https:\/\/sansebastianips.com.co\/index.php?rest_route=\/wp\/v2\/media\/4219"}],"wp:attachment":[{"href":"https:\/\/sansebastianips.com.co\/index.php?rest_route=%2Fwp%2Fv2%2Fmedia&parent=4054"}],"curies":[{"name":"wp","href":"https:\/\/api.w.org\/{rel}","templated":true}]}}