{"id":4052,"date":"2017-08-12T18:59:30","date_gmt":"2017-08-12T18:59:30","guid":{"rendered":"http:\/\/demo.acmethemes.com\/medical-circle\/?page_id=82"},"modified":"2025-03-13T17:37:37","modified_gmt":"2025-03-13T22:37:37","slug":"general-checkup","status":"publish","type":"page","link":"https:\/\/sansebastianips.com.co\/?page_id=4052","title":{"rendered":"Cirugia"},"content":{"rendered":"<p data-pm-slice=\"1 1 []\"><strong>Cirug\u00eda de Alta Calidad para tu Bienestar<\/strong><\/p>\n<p>En Cl\u00ednica San Sebasti\u00e1n IPS, contamos con un equipo de especialistas altamente capacitados y tecnolog\u00eda de vanguardia para ofrecer procedimientos quir\u00fargicos seguros y eficaces. Nuestro compromiso es brindarte la mejor atenci\u00f3n, garantizando tu bienestar en cada etapa del proceso.<\/p>\n<p><strong>Nuestros Servicios Quir\u00fargicos<\/strong><\/p>\n<p>Ofrecemos una amplia gama de cirug\u00edas en distintas especialidades, incluyendo:<\/p>\n<ul data-spread=\"false\">\n<li><strong>Cirug\u00eda General<\/strong><\/li>\n<li><strong>Cirug\u00eda Ginecol\u00f3gica<\/strong><\/li>\n<li><strong>Cirug\u00eda Maxilofacial<\/strong><\/li>\n<li><strong>Cirug\u00eda Ortop\u00e9dica<\/strong><\/li>\n<li><strong>Cirug\u00eda Oftalmol\u00f3gica<\/strong><\/li>\n<li><strong>Cirug\u00eda Otorrinolaringol\u00f3gica<\/strong><\/li>\n<li><strong>Cirug\u00eda Pedi\u00e1trica<\/strong><\/li>\n<li><strong>Cirug\u00eda Pl\u00e1stica y Est\u00e9tica<\/strong><\/li>\n<li><strong>Cirug\u00eda Vascular y Angiol\u00f3gica<\/strong><\/li>\n<li><strong>Cirug\u00eda Oncol\u00f3gica<\/strong><\/li>\n<\/ul>\n<p><strong>Atenci\u00f3n Personalizada y Recuperaci\u00f3n Segura<\/strong><\/p>\n<p>Desde la evaluaci\u00f3n inicial hasta el postoperatorio, en [Nombre de la Cl\u00ednica] ofrecemos un enfoque integral con un equipo m\u00e9dico especializado que te acompa\u00f1a en cada paso del camino. Nuestro objetivo es lograr una recuperaci\u00f3n segura y eficiente, minimizando riesgos y optimizando resultados.<\/p>\n<p><strong>Instalaciones de Vanguardia<\/strong><\/p>\n<p>Nuestras instalaciones est\u00e1n equipadas con tecnolog\u00eda de \u00faltima generaci\u00f3n para garantizar la mayor seguridad y comodidad para nuestros pacientes. Contamos con quir\u00f3fanos modernos, salas de recuperaci\u00f3n y un equipo m\u00e9dico comprometido con la excelencia en la atenci\u00f3n quir\u00fargica.<\/p>\n<p><strong>Agenda tu Consulta<\/strong><\/p>\n<p>Si necesitas m\u00e1s informaci\u00f3n sobre nuestros servicios quir\u00fargicos o deseas agendar una consulta, no dudes en contactarnos. Nuestro equipo estar\u00e1 encantado de atenderte y brindarte la mejor soluci\u00f3n para tu salud.<\/p>\n","protected":false},"excerpt":{"rendered":"<p>En Cl\u00ednica San Sebasti\u00e1n IPS, contamos con un equipo de especialistas altamente capacitados y tecnolog\u00eda de vanguardia para ofrecer procedimientos quir\u00fargicos seguros y eficaces. Nuestro compromiso es brindarte la mejor atenci\u00f3n, garantizando tu bienestar en cada etapa del proceso.<\/p>\n","protected":false},"author":1,"featured_media":0,"parent":0,"menu_order":0,"comment_status":"closed","ping_status":"closed","template":"","meta":{"footnotes":""},"class_list":["post-4052","page","type-page","status-publish","hentry"],"featured_image_src":null,"brizy_media":[],"_links":{"self":[{"href":"https:\/\/sansebastianips.com.co\/index.php?rest_route=\/wp\/v2\/pages\/4052","targetHints":{"allow":["GET"]}}],"collection":[{"href":"https:\/\/sansebastianips.com.co\/index.php?rest_route=\/wp\/v2\/pages"}],"about":[{"href":"https:\/\/sansebastianips.com.co\/index.php?rest_route=\/wp\/v2\/types\/page"}],"author":[{"embeddable":true,"href":"https:\/\/sansebastianips.com.co\/index.php?rest_route=\/wp\/v2\/users\/1"}],"replies":[{"embeddable":true,"href":"https:\/\/sansebastianips.com.co\/index.php?rest_route=%2Fwp%2Fv2%2Fcomments&post=4052"}],"version-history":[{"count":5,"href":"https:\/\/sansebastianips.com.co\/index.php?rest_route=\/wp\/v2\/pages\/4052\/revisions"}],"predecessor-version":[{"id":4294,"href":"https:\/\/sansebastianips.com.co\/index.php?rest_route=\/wp\/v2\/pages\/4052\/revisions\/4294"}],"wp:attachment":[{"href":"https:\/\/sansebastianips.com.co\/index.php?rest_route=%2Fwp%2Fv2%2Fmedia&parent=4052"}],"curies":[{"name":"wp","href":"https:\/\/api.w.org\/{rel}","templated":true}]}}