{"id":4046,"date":"2017-08-12T19:06:36","date_gmt":"2017-08-12T19:06:36","guid":{"rendered":"http:\/\/demo.acmethemes.com\/medical-circle\/?page_id=88"},"modified":"2025-03-13T17:28:03","modified_gmt":"2025-03-13T22:28:03","slug":"indoor-pharmacy","status":"publish","type":"page","link":"https:\/\/sansebastianips.com.co\/?page_id=4046","title":{"rendered":"Atenci\u00f3n del parto"},"content":{"rendered":"<p data-start=\"160\" data-end=\"349\">En Cl\u00ednica San Sebasti\u00e1n IPS, nos especializamos en brindar una atenci\u00f3n segura, personalizada y humanizada durante el parto, garantizando el bienestar de la madre y el beb\u00e9 en todo momento.<\/p>\n<h3 data-start=\"351\" data-end=\"380\"><strong data-start=\"355\" data-end=\"378\">\u00bfPor qu\u00e9 elegirnos?<\/strong><\/h3>\n<p data-start=\"382\" data-end=\"1049\">\u2705 <strong data-start=\"384\" data-end=\"415\">Equipo m\u00e9dico especializado<\/strong>: Contamos con obstetras, ginec\u00f3logos, neonat\u00f3logos y personal de enfermer\u00eda altamente capacitados.<br data-start=\"514\" data-end=\"517\" \/>\u2705 <strong data-start=\"519\" data-end=\"552\">Instalaciones de primer nivel<\/strong>: Salas de parto equipadas con tecnolog\u00eda avanzada para garantizar un ambiente seguro y confortable.<br data-start=\"652\" data-end=\"655\" \/>\u2705 <strong data-start=\"657\" data-end=\"680\">Atenci\u00f3n humanizada<\/strong>: Respetamos el plan de parto de cada madre, favoreciendo el acompa\u00f1amiento familiar y promoviendo el contacto piel a piel con el reci\u00e9n nacido.<br data-start=\"824\" data-end=\"827\" \/>\u2705 <strong data-start=\"829\" data-end=\"850\">Opciones de parto<\/strong>: Ofrecemos parto natural, parto en agua, parto con analgesia y ces\u00e1rea en caso de ser necesaria.<br data-start=\"947\" data-end=\"950\" \/>\u2705 <strong data-start=\"952\" data-end=\"985\">Unidad de cuidados neonatales<\/strong>: Para atender cualquier necesidad especial del reci\u00e9n nacido.<\/p>\n<h3 data-start=\"1051\" data-end=\"1088\"><strong data-start=\"1055\" data-end=\"1086\">Nuestro Proceso de Atenci\u00f3n<\/strong><\/h3>\n<p data-start=\"1090\" data-end=\"1661\">1\ufe0f\u20e3 <strong data-start=\"1094\" data-end=\"1117\">Evaluaci\u00f3n prenatal<\/strong>: Seguimiento m\u00e9dico desde el embarazo para garantizar un parto seguro.<br data-start=\"1188\" data-end=\"1191\" \/>2\ufe0f\u20e3 <strong data-start=\"1195\" data-end=\"1218\">Ingreso y monitoreo<\/strong>: Al llegar a la cl\u00ednica, nuestro equipo evaluar\u00e1 tu estado y el de tu beb\u00e9 para tomar las mejores decisiones.<br data-start=\"1328\" data-end=\"1331\" \/>3\ufe0f\u20e3 <strong data-start=\"1335\" data-end=\"1363\">Fase de trabajo de parto<\/strong>: Brindamos apoyo m\u00e9dico y emocional para que vivas este momento con tranquilidad.<br data-start=\"1445\" data-end=\"1448\" \/>4\ufe0f\u20e3 <strong data-start=\"1452\" data-end=\"1466\">Nacimiento<\/strong>: Nuestro equipo asistir\u00e1 el parto seg\u00fan tus preferencias y necesidades m\u00e9dicas.<br data-start=\"1546\" data-end=\"1549\" \/>5\ufe0f\u20e3 <strong data-start=\"1553\" data-end=\"1575\">Atenci\u00f3n postparto<\/strong>: Cuidado para la madre y el beb\u00e9, con asesor\u00eda en lactancia materna y recuperaci\u00f3n.<\/p>\n<p data-start=\"1689\" data-end=\"1928\">\u00a0<\/p>\n<p data-start=\"1930\" data-end=\"2043\">En [Nombre de la Cl\u00ednica], estamos comprometidos con hacer de tu parto una experiencia segura y memorable. \ud83d\udc99\ud83d\udc76<\/p>\n\n\n<p><\/p>\n","protected":false},"excerpt":{"rendered":"<p>En Cl\u00ednica San Sebasti\u00e1n IPS, nos especializamos en brindar una atenci\u00f3n segura, personalizada y humanizada durante el parto, garantizando el bienestar de la madre y el beb\u00e9 en todo momento.<\/p>\n","protected":false},"author":1,"featured_media":0,"parent":0,"menu_order":0,"comment_status":"closed","ping_status":"closed","template":"","meta":{"footnotes":""},"class_list":["post-4046","page","type-page","status-publish","hentry"],"featured_image_src":null,"brizy_media":[],"_links":{"self":[{"href":"https:\/\/sansebastianips.com.co\/index.php?rest_route=\/wp\/v2\/pages\/4046","targetHints":{"allow":["GET"]}}],"collection":[{"href":"https:\/\/sansebastianips.com.co\/index.php?rest_route=\/wp\/v2\/pages"}],"about":[{"href":"https:\/\/sansebastianips.com.co\/index.php?rest_route=\/wp\/v2\/types\/page"}],"author":[{"embeddable":true,"href":"https:\/\/sansebastianips.com.co\/index.php?rest_route=\/wp\/v2\/users\/1"}],"replies":[{"embeddable":true,"href":"https:\/\/sansebastianips.com.co\/index.php?rest_route=%2Fwp%2Fv2%2Fcomments&post=4046"}],"version-history":[{"count":5,"href":"https:\/\/sansebastianips.com.co\/index.php?rest_route=\/wp\/v2\/pages\/4046\/revisions"}],"predecessor-version":[{"id":4289,"href":"https:\/\/sansebastianips.com.co\/index.php?rest_route=\/wp\/v2\/pages\/4046\/revisions\/4289"}],"wp:attachment":[{"href":"https:\/\/sansebastianips.com.co\/index.php?rest_route=%2Fwp%2Fv2%2Fmedia&parent=4046"}],"curies":[{"name":"wp","href":"https:\/\/api.w.org\/{rel}","templated":true}]}}