{"id":3833,"date":"2025-01-15T14:45:14","date_gmt":"2025-01-15T19:45:14","guid":{"rendered":"https:\/\/sansebastianips.com.co\/?page_id=3833"},"modified":"2025-02-05T10:31:13","modified_gmt":"2025-02-05T15:31:13","slug":"politicas","status":"publish","type":"page","link":"https:\/\/sansebastianips.com.co\/?page_id=3833","title":{"rendered":"POL\u00cdTICAS"},"content":{"rendered":"<div style=\"background-color: #ffffff; color: #000000; border-left-color: #0693e3; \" class=\"ub-styled-box ub-notification-box wp-block-ub-styled-box\" id=\"ub-styled-box-ae3be20b-0733-447c-9948-c2a0d5dfcb1c\">\n<h4 style=\"font-size: 24px;letter-spacing: 0px;text-transform: None;, sans-serif;font-weight: Normal;line-height: 28px\" class=\"ub_advanced_heading wp-block-ub-advanced-heading\" id=\"ub-advanced-heading-2b8d399d-d123-48bd-86d1-531d20b98e37\" data-blockid=\"2b8d399d-d123-48bd-86d1-531d20b98e37\"><strong>Pol\u00edtica de calidad<\/strong><\/h4>\n\n\n<p>EL INSTITUTO DE SISTEMA NERVIOSO DE C\u00d3RDOBA, se compromete a brindar una Atenci\u00f3n en Salud Humanizada, Digna y Cercana, que cumpla con las caracter\u00edsticas de Accesibilidad, Oportunidad, Seguridad, Pertinencia y Continuidad; y satisfaga los requisitos de nuestros Usuarios, su Familia y dem\u00e1s Partes Interesadas, a trav\u00e9s del compromiso de nuestro Talento Humano, el Mejoramiento Continuo de los Procesos y la Sostenibilidad Financiera.<\/p>\n\n\n<\/div>\n\n<div style=\"background-color: #ffffff; color: #000000; border-left-color: #0693e3; \" class=\"ub-styled-box ub-notification-box wp-block-ub-styled-box\" id=\"ub-styled-box-99ef0f02-c036-4cc2-bd95-6b0f44e1d4ab\">\n<h4 style=\"font-size: 24px;letter-spacing: 0px;text-transform: None;, sans-serif;font-weight: Normal;line-height: 28px\" class=\"ub_advanced_heading wp-block-ub-advanced-heading\" id=\"ub-advanced-heading-0d10704c-0ad6-4de0-b632-1af9609dfd8a\" data-blockid=\"0d10704c-0ad6-4de0-b632-1af9609dfd8a\"><strong>Pol\u00edtica de seguridad del paciente<\/strong><\/h4>\n\n\n<p>EL INSTITUTO DE SISTEMA NERVIOSO DE C\u00d3RDOBA, establece como pol\u00edtica de seguridad del paciente, reducir la incidencia de incidentes y eventos adversos, mediante la implementaci\u00f3n de una cultura de seguridad del paciente justa, educativa y no punitiva, pero que no fomente la irresponsabilidad y su integraci\u00f3n con el Sistema de Gesti\u00f3n de Seguridad y Salud en el trabajo, para contribuir a la creaci\u00f3n de un ambiente seguro, tanto para el paciente y su familia, como para el personal de la instituci\u00f3n y su entorno.<\/p>\n\n\n<\/div>\n\n\n<div class=\"wp-block-columns is-layout-flex wp-container-core-columns-is-layout-9d6595d7 wp-block-columns-is-layout-flex\">\n<div class=\"wp-block-column is-layout-flow wp-block-column-is-layout-flow\"><div style=\"background-color: #ffffff; color: #000000; border-left-color: #0693e3; \" class=\"ub-styled-box ub-notification-box wp-block-ub-styled-box\" id=\"ub-styled-box-598fd81b-bf81-4d96-8188-f5ea78cc8e7d\">\n<h4 style=\"font-size: 24px;letter-spacing: 0px;text-transform: None;, sans-serif;font-weight: Normal;line-height: 28px\" class=\"ub_advanced_heading wp-block-ub-advanced-heading\" id=\"ub-advanced-heading-514a0096-0a3d-40f3-a644-c76c7439b0ba\" data-blockid=\"514a0096-0a3d-40f3-a644-c76c7439b0ba\"><strong>Pol\u00edtica de comunicaciones<\/strong><\/h4>\n\n\n<p>EL INSTITUTO DE SISTEMA NERVIOSO DE C\u00d3RDOBA, se compromete a asumir la comunicaci\u00f3n como la herramienta fundamental que indica las pautas necesarias para orientar los diferentes medios de informaci\u00f3n, con el fin de establecer el cumplimiento de la cultura y los valores organizacionales, logrando la conservaci\u00f3n de una imagen limpia y posicionando la identidad corporativa de tal manera que proyecte la atenci\u00f3n humanizada prestada a todos los pacientes y el sentido de pertenencia de los trabajadores dentro de la instituci\u00f3n.<\/p>\n\n\n<\/div>\n\n<div style=\"background-color: #ffffff; color: #000000; border-left-color: #0693e3; \" class=\"ub-styled-box ub-notification-box wp-block-ub-styled-box\" id=\"ub-styled-box-ffe01ec9-d0b2-43cf-ab58-082bfab1c966\">\n<h4 style=\"font-size: 24px;letter-spacing: 0px;text-transform: None;, sans-serif;font-weight: Normal;line-height: 28px\" class=\"ub_advanced_heading wp-block-ub-advanced-heading\" id=\"ub-advanced-heading-fcb15e13-bc8e-474b-8c30-7311dddce735\" data-blockid=\"fcb15e13-bc8e-474b-8c30-7311dddce735\"><strong>Pol\u00edtica de no reuso<\/strong><\/h4>\n\n\n<p>EL INSTITUTO DE SISTEMA NERVIOSO DE C\u00d3RDOBA, garantiza que durante el proceso de atenci\u00f3n de un usuario, no se re\u00fasan dispositivos m\u00e9dicos que por disposici\u00f3n del fabricante se determinen como de \u00abun solo uso\u00bb. Solo podr\u00e1n ser reusados dispositivos por recomendaci\u00f3n del fabricante, o cuando se definan y ejecuten procedimientos basados en evidencia cient\u00edfica que demuestren que el reprocesamiento del dispositivo no implica reducci\u00f3n de la eficacia y desempe\u00f1o para la cual se utiliza el dispositivo m\u00e9dico, ni riesgo de infecciones o complicaciones por los procedimientos para el usuario, con seguimiento a trav\u00e9s de los comit\u00e9s institucionales.<\/p>\n\n\n<\/div>\n\n<div style=\"background-color: #ffffff; color: #000000; border-left-color: #0693e3; \" class=\"ub-styled-box ub-notification-box wp-block-ub-styled-box\" id=\"ub-styled-box-4d07076d-9d61-4773-a8e7-dfa8e15fdc7e\">\n<h4 style=\"font-size: 24px;letter-spacing: 0px;text-transform: None;, sans-serif;font-weight: Normal;line-height: 28px\" class=\"ub_advanced_heading wp-block-ub-advanced-heading\" id=\"ub-advanced-heading-9244f456-ddac-4ccd-b867-23fd0dc230b3\" data-blockid=\"9244f456-ddac-4ccd-b867-23fd0dc230b3\"><strong>Pol\u00edtica de prevenci\u00f3n y control del uso de alcohol y sustancias psicoactivas<\/strong><\/h4>\n\n\n<p>La Instituci\u00f3n con el fin de dar un ejemplo positivo a la sociedad, proh\u00edbe rotundamente el consumo, posesi\u00f3n, distribuci\u00f3n, compra y venta de alcohol y dem\u00e1s sustancias psicoactivas dentro de sus instalaciones. Y adem\u00e1s, se proh\u00edbe el ingreso bajo el efecto de alcohol y de cualquier sustancia psicoactiva.<\/p>\n\n\n<\/div>\n\n<div style=\"background-color: #ffffff; color: #000000; border-left-color: #0693e3; \" class=\"ub-styled-box ub-notification-box wp-block-ub-styled-box\" id=\"ub-styled-box-e25f05b9-7a2b-4199-b284-fb379d5573cb\">\n<h4 style=\"font-size: 24px;letter-spacing: 0px;text-transform: None;, sans-serif;font-weight: Normal;line-height: 28px\" class=\"ub_advanced_heading wp-block-ub-advanced-heading\" id=\"ub-advanced-heading-f788d164-6537-4e4d-a12d-034b47b45e7a\" data-blockid=\"f788d164-6537-4e4d-a12d-034b47b45e7a\"><strong>Pol\u00edtica de<\/strong> <strong>seguridad y salud en el trabajo<\/strong><\/h4>\n\n\n<p>El INSTITUTO DE SISTEMA NERVIOSO DE C\u00d3RDOBA, en su actividad de Prestaci\u00f3n de Servicios de Salud, reconoce la importancia del capital humano y se compromete, desde el m\u00e1s alto nivel de la organizaci\u00f3n y en todas las sedes donde opera, a:<\/p>\n\n\n\n<p>\u00b7Promover y mantener el bienestar f\u00edsico, mental y social de los trabajadores.<\/p>\n\n\n\n<p>\u00b7Identificar los peligros, evaluar y valorar los riesgos, de cada una de sus actividades, y establecer los respectivos controles, con el fin de evitar y minimizar los accidentes de trabajo, enfermedades laborales o lesiones personales que puedan surgir en cada una de ellas.<\/p>\n\n\n\n<p>\u00b7Cumplir con la normatividad nacional vigente en materia de riesgos laborales, y los dem\u00e1s requisitos aplicables.<\/p>\n\n\n\n<p>Para lograrlo, la organizaci\u00f3n destina los recursos necesarios a nivel econ\u00f3mico, tecnol\u00f3gico y del talento humano; con el fin de proteger la Seguridad y Salud de todos los trabajadores, independiente de su forma de contrataci\u00f3n o vinculaci\u00f3n, mediante la mejora continua.<\/p>\n\n\n<\/div>\n\n<div style=\"background-color: #ffffff; color: #000000; border-left-color: #0693e3; \" class=\"ub-styled-box ub-notification-box wp-block-ub-styled-box\" id=\"ub-styled-box-8d48d99a-4456-478a-84ca-48f5f2ccb3e4\">\n<h4 style=\"font-size: 24px;letter-spacing: 0px;text-transform: None;, sans-serif;font-weight: Normal;line-height: 28px\" class=\"ub_advanced_heading wp-block-ub-advanced-heading\" id=\"ub-advanced-heading-5e2bf320-26f5-492a-b771-85ea154a64d3\" data-blockid=\"5e2bf320-26f5-492a-b771-85ea154a64d3\"><strong>Pol\u00edtica de humanizaci\u00f3n<\/strong><\/h4>\n\n\n<p>El Instituto del Sistema Nervioso de C\u00f3rdoba IPS S.A.S, expresa su compromiso para planear, desplegar, implementar y evaluar todas las estrategias necesarias para asegurar una Atenci\u00f3n Humanizada a nuestros usuarios y sus familias como uno de los pilares fundamentales de nuestro modelo de atenci\u00f3n, a trav\u00e9s de la preparaci\u00f3n de los profesionales en el contexto de la \u00e9tica y los valores en salud para la concientizaci\u00f3n y sensibilizaci\u00f3n con respecto a la atenci\u00f3n de los usuarios.<\/p>\n\n\n<\/div><\/div>\n<\/div>\n\n\n\n<p><\/p>\n","protected":false},"excerpt":{"rendered":"","protected":false},"author":1,"featured_media":0,"parent":0,"menu_order":0,"comment_status":"closed","ping_status":"closed","template":"","meta":{"footnotes":""},"class_list":["post-3833","page","type-page","status-publish","hentry"],"featured_image_src":null,"brizy_media":[],"_links":{"self":[{"href":"https:\/\/sansebastianips.com.co\/index.php?rest_route=\/wp\/v2\/pages\/3833","targetHints":{"allow":["GET"]}}],"collection":[{"href":"https:\/\/sansebastianips.com.co\/index.php?rest_route=\/wp\/v2\/pages"}],"about":[{"href":"https:\/\/sansebastianips.com.co\/index.php?rest_route=\/wp\/v2\/types\/page"}],"author":[{"embeddable":true,"href":"https:\/\/sansebastianips.com.co\/index.php?rest_route=\/wp\/v2\/users\/1"}],"replies":[{"embeddable":true,"href":"https:\/\/sansebastianips.com.co\/index.php?rest_route=%2Fwp%2Fv2%2Fcomments&post=3833"}],"version-history":[{"count":9,"href":"https:\/\/sansebastianips.com.co\/index.php?rest_route=\/wp\/v2\/pages\/3833\/revisions"}],"predecessor-version":[{"id":4127,"href":"https:\/\/sansebastianips.com.co\/index.php?rest_route=\/wp\/v2\/pages\/3833\/revisions\/4127"}],"wp:attachment":[{"href":"https:\/\/sansebastianips.com.co\/index.php?rest_route=%2Fwp%2Fv2%2Fmedia&parent=3833"}],"curies":[{"name":"wp","href":"https:\/\/api.w.org\/{rel}","templated":true}]}}