{"id":3647,"date":"2025-01-14T11:58:20","date_gmt":"2025-01-14T16:58:20","guid":{"rendered":"https:\/\/sansebastianips.com.co\/?page_id=3647"},"modified":"2025-03-27T16:21:17","modified_gmt":"2025-03-27T21:21:17","slug":"vision","status":"publish","type":"page","link":"https:\/\/sansebastianips.com.co\/?page_id=3647","title":{"rendered":"VISI\u00d3N"},"content":{"rendered":"<div style=\"background-color: #ffffff; color: #000000; border-left-color: #0693e3; \" class=\"ub-styled-box ub-notification-box wp-block-ub-styled-box\" id=\"ub-styled-box-5d6d2d69-929e-42eb-88d6-3419f8e30008\">\n<figure class=\"wp-block-pullquote has-text-align-left has-medium-font-size\" style=\"border-style:none;border-width:0px;border-radius:0px\" id=\"ub-styled-box-notification-content-\"><blockquote><p>Consolidarnos como una instituci\u00f3n l\u00edder en la prestaci\u00f3n de servicios de la salud seguros y humanizados al paciente y su familia, con altos est\u00e1ndares de calidad, generando la sostenibilidad y los recursos necesarios para contribuir con el desarrollo social.<\/p><\/blockquote><\/figure>\n\n\n<\/div>\n\n<div class=\"wp-block-image\">\n<figure class=\"aligncenter size-full\"><img fetchpriority=\"high\" decoding=\"async\" width=\"770\" height=\"255\" src=\"https:\/\/sansebastianips.com.co\/wp-content\/uploads\/2025\/03\/Logo1.jpg\" alt=\"\" class=\"wp-image-4334\" srcset=\"https:\/\/sansebastianips.com.co\/wp-content\/uploads\/2025\/03\/Logo1.jpg 770w, https:\/\/sansebastianips.com.co\/wp-content\/uploads\/2025\/03\/Logo1-300x99.jpg 300w, https:\/\/sansebastianips.com.co\/wp-content\/uploads\/2025\/03\/Logo1-768x254.jpg 768w, https:\/\/sansebastianips.com.co\/wp-content\/uploads\/2025\/03\/Logo1-600x199.jpg 600w\" sizes=\"(max-width: 770px) 100vw, 770px\" \/><\/figure>\n<\/div>\n\n\n<p><\/p>\n","protected":false},"excerpt":{"rendered":"","protected":false},"author":1,"featured_media":0,"parent":0,"menu_order":0,"comment_status":"closed","ping_status":"closed","template":"brizy-blank-template.php","meta":{"footnotes":""},"class_list":["post-3647","page","type-page","status-publish","hentry"],"featured_image_src":null,"brizy_media":[],"_links":{"self":[{"href":"https:\/\/sansebastianips.com.co\/index.php?rest_route=\/wp\/v2\/pages\/3647","targetHints":{"allow":["GET"]}}],"collection":[{"href":"https:\/\/sansebastianips.com.co\/index.php?rest_route=\/wp\/v2\/pages"}],"about":[{"href":"https:\/\/sansebastianips.com.co\/index.php?rest_route=\/wp\/v2\/types\/page"}],"author":[{"embeddable":true,"href":"https:\/\/sansebastianips.com.co\/index.php?rest_route=\/wp\/v2\/users\/1"}],"replies":[{"embeddable":true,"href":"https:\/\/sansebastianips.com.co\/index.php?rest_route=%2Fwp%2Fv2%2Fcomments&post=3647"}],"version-history":[{"count":20,"href":"https:\/\/sansebastianips.com.co\/index.php?rest_route=\/wp\/v2\/pages\/3647\/revisions"}],"predecessor-version":[{"id":4380,"href":"https:\/\/sansebastianips.com.co\/index.php?rest_route=\/wp\/v2\/pages\/3647\/revisions\/4380"}],"wp:attachment":[{"href":"https:\/\/sansebastianips.com.co\/index.php?rest_route=%2Fwp%2Fv2%2Fmedia&parent=3647"}],"curies":[{"name":"wp","href":"https:\/\/api.w.org\/{rel}","templated":true}]}}