{"id":3629,"date":"2025-01-14T11:43:00","date_gmt":"2025-01-14T16:43:00","guid":{"rendered":"https:\/\/sansebastianips.com.co\/?page_id=3629"},"modified":"2025-03-27T16:20:45","modified_gmt":"2025-03-27T21:20:45","slug":"mision","status":"publish","type":"page","link":"https:\/\/sansebastianips.com.co\/?page_id=3629","title":{"rendered":"MISI\u00d3N"},"content":{"rendered":"<div style=\"background-color: #ffffff; color: #000000; border-left-color: #0693e3; \" class=\"ub-styled-box ub-notification-box wp-block-ub-styled-box\" id=\"ub-styled-box-6a7c4d7c-7040-4776-bba6-2d6f3c7f2177\">\n<figure class=\"wp-block-pullquote has-text-align-left has-medium-font-size\" style=\"border-style:none;border-width:0px\" id=\"ub-styled-box-notification-content-\"><blockquote><p>Somos una instituci\u00f3n prestadora de servicios de salud, de mediana y alta complejidad, orientada a mejorar la calidad de vida de nuestros usuarios, apoyados en equipos de alta tecnolog\u00eda, provistos de un talento humano calificado, enfocado en la atenci\u00f3n humanizada, eficiente, segura, humana, oportuna y respetuosa con la dignidad del paciente para lograr su recuperaci\u00f3n, orientados en una excelente gesti\u00f3n administrativa que garantiza el mejoramiento continuo y la calidad de la atenci\u00f3n.<\/p><\/blockquote><\/figure>\n\n\n<\/div>\n\n<div class=\"wp-block-image\">\n<figure class=\"aligncenter size-full is-resized\"><img fetchpriority=\"high\" decoding=\"async\" width=\"770\" height=\"255\" src=\"https:\/\/sansebastianips.com.co\/wp-content\/uploads\/2025\/03\/Logo1.jpg\" alt=\"\" class=\"wp-image-4334\" style=\"width:643px;height:auto\" srcset=\"https:\/\/sansebastianips.com.co\/wp-content\/uploads\/2025\/03\/Logo1.jpg 770w, https:\/\/sansebastianips.com.co\/wp-content\/uploads\/2025\/03\/Logo1-300x99.jpg 300w, https:\/\/sansebastianips.com.co\/wp-content\/uploads\/2025\/03\/Logo1-768x254.jpg 768w, https:\/\/sansebastianips.com.co\/wp-content\/uploads\/2025\/03\/Logo1-600x199.jpg 600w\" sizes=\"(max-width: 770px) 100vw, 770px\" \/><\/figure>\n<\/div>\n\n\n<p><\/p>\n\n\n","protected":false},"excerpt":{"rendered":"","protected":false},"author":1,"featured_media":0,"parent":0,"menu_order":0,"comment_status":"closed","ping_status":"closed","template":"brizy-blank-template.php","meta":{"footnotes":""},"class_list":["post-3629","page","type-page","status-publish","hentry"],"featured_image_src":null,"brizy_media":[],"_links":{"self":[{"href":"https:\/\/sansebastianips.com.co\/index.php?rest_route=\/wp\/v2\/pages\/3629","targetHints":{"allow":["GET"]}}],"collection":[{"href":"https:\/\/sansebastianips.com.co\/index.php?rest_route=\/wp\/v2\/pages"}],"about":[{"href":"https:\/\/sansebastianips.com.co\/index.php?rest_route=\/wp\/v2\/types\/page"}],"author":[{"embeddable":true,"href":"https:\/\/sansebastianips.com.co\/index.php?rest_route=\/wp\/v2\/users\/1"}],"replies":[{"embeddable":true,"href":"https:\/\/sansebastianips.com.co\/index.php?rest_route=%2Fwp%2Fv2%2Fcomments&post=3629"}],"version-history":[{"count":22,"href":"https:\/\/sansebastianips.com.co\/index.php?rest_route=\/wp\/v2\/pages\/3629\/revisions"}],"predecessor-version":[{"id":4378,"href":"https:\/\/sansebastianips.com.co\/index.php?rest_route=\/wp\/v2\/pages\/3629\/revisions\/4378"}],"wp:attachment":[{"href":"https:\/\/sansebastianips.com.co\/index.php?rest_route=%2Fwp%2Fv2%2Fmedia&parent=3629"}],"curies":[{"name":"wp","href":"https:\/\/api.w.org\/{rel}","templated":true}]}}